{"id":975,"date":"2024-07-08T19:41:12","date_gmt":"2024-07-08T19:41:12","guid":{"rendered":"https:\/\/seimpri.me\/pece\/?page_id=975"},"modified":"2025-04-29T21:49:40","modified_gmt":"2025-04-29T21:49:40","slug":"ultimos-problemas","status":"publish","type":"page","link":"https:\/\/seimpri.me\/pece\/ultimos-problemas\/","title":{"rendered":"ULTIMOS PROBLEMAS"},"content":{"rendered":"<section class=\"wpb-content-wrapper\"><p>[vc_row][vc_column width=\u00bb2\/3&#8243;][vc_column_text]A comienzos de a\u00f1o y producto de la participaci\u00f3n en dos ferias de publicaciones de la Ciudad de M\u00e9xico, se prepar\u00f3 un libro impreso en la Riso\u2122, encuadernado con engargolado pl\u00e1stico rojo y forrado con polietileno opaco. El contenido, una selecci\u00f3n de ilustraciones con texto compuestas entre el 2020 y el 2021 en medio del encierro en casa por la pandemia. Se trata de una compilaci\u00f3n de algunos <em>poemas visuales<\/em> como supe que le dec\u00edan a este tipo de trabajos y que se est\u00e1n comenzando a ordenar para armar <em>Problemas Completos<\/em> para fines de octubre.[\/vc_column_text][vc_single_image image=\u00bb978&#8243; img_size=\u00bbfull\u00bb][vc_single_image image=\u00bb977&#8243; img_size=\u00bbfull\u00bb][\/vc_column][vc_column width=\u00bb1\/3&#8243; offset=\u00bbvc_hidden-md vc_hidden-sm vc_hidden-xs\u00bb][\/vc_column][\/vc_row]<\/p>\n<\/section>","protected":false},"excerpt":{"rendered":"<p>[vc_row][vc_column width=\u00bb2\/3&#8243;][vc_column_text]A comienzos de a\u00f1o y producto de la participaci\u00f3n en dos ferias de publicaciones de la Ciudad de M\u00e9xico, se prepar\u00f3 un libro impreso en la Riso\u2122, encuadernado con engargolado pl\u00e1stico rojo y forrado con polietileno opaco. El contenido, una selecci\u00f3n de ilustraciones con texto compuestas entre el 2020 y el 2021 en medio [&hellip;]<\/p>\n","protected":false},"author":1,"featured_media":0,"parent":0,"menu_order":0,"comment_status":"closed","ping_status":"closed","template":"","meta":{"footnotes":""},"class_list":["post-975","page","type-page","status-publish","hentry","missing-thumbnail"],"_links":{"self":[{"href":"https:\/\/seimpri.me\/pece\/wp-json\/wp\/v2\/pages\/975","targetHints":{"allow":["GET"]}}],"collection":[{"href":"https:\/\/seimpri.me\/pece\/wp-json\/wp\/v2\/pages"}],"about":[{"href":"https:\/\/seimpri.me\/pece\/wp-json\/wp\/v2\/types\/page"}],"author":[{"embeddable":true,"href":"https:\/\/seimpri.me\/pece\/wp-json\/wp\/v2\/users\/1"}],"replies":[{"embeddable":true,"href":"https:\/\/seimpri.me\/pece\/wp-json\/wp\/v2\/comments?post=975"}],"version-history":[{"count":4,"href":"https:\/\/seimpri.me\/pece\/wp-json\/wp\/v2\/pages\/975\/revisions"}],"predecessor-version":[{"id":1617,"href":"https:\/\/seimpri.me\/pece\/wp-json\/wp\/v2\/pages\/975\/revisions\/1617"}],"wp:attachment":[{"href":"https:\/\/seimpri.me\/pece\/wp-json\/wp\/v2\/media?parent=975"}],"curies":[{"name":"wp","href":"https:\/\/api.w.org\/{rel}","templated":true}]}}