{"id":964,"date":"2024-07-04T14:23:55","date_gmt":"2024-07-04T14:23:55","guid":{"rendered":"https:\/\/seimpri.me\/pece\/?page_id=964"},"modified":"2025-04-29T21:41:50","modified_gmt":"2025-04-29T21:41:50","slug":"subir-el-cerro","status":"publish","type":"page","link":"https:\/\/seimpri.me\/pece\/subir-el-cerro\/","title":{"rendered":"SUBIR EL CERRO"},"content":{"rendered":"<section class=\"wpb-content-wrapper\"><p>[vc_row][vc_column width=\u00bb2\/3&#8243;][vc_column_text]<a href=\"https:\/\/artishockrevista.com\/2015\/07\/24\/lngch-rumbo-la-documenta-subir-cerro-desde-ahi-mirar-donde-esta-nuestra-casa\/\"><em>Subir el cerro y desde ah\u00ed ver donde est\u00e1 nuestra<\/em><\/a> casa se trat\u00f3 de una exposici\u00f3n que se mont\u00f3 en el Museo de la Solidaridad Salvador Allende. Esta muestra, que inclu\u00eda instalaciones con video, audio y memorabilia del colectivo La Nueva Gr\u00e1fica Chilena, represent\u00f3 el momento c\u00falmine de una ap\u00f3crifa campa\u00f1a que pretend\u00eda llevar al colectivo a la Documenta 14 en Kassel, Alemania.<\/p>\n<p>Tomamos contacto con uno de los curadores del evento art\u00edstico, Dieter Roelstraete quien manifest\u00f3: <em>\u201cAunque a\u00fan falta mucho tiempo, siempre estamos en la b\u00fasqueda. Soy uno de varios curadores que trabaja con el director, que tiene la \u00faltima palabra, pero espero ver arte chileno en Documenta\u201d. <\/em>M\u00e1s tarde se desdijo: <em>\u00abIf you are fishing (so to speak) for an invitation to be part of Documenta 14 &#8211; that is not going to happen\u00bb.<\/em><\/p>\n<p>Muchas personas despu\u00e9s me preguntaban para saber c\u00f3mo me hab\u00eda ido en la Documenta 14. Mi respuesta siempre va a ser que me fue s\u00faper bien.[\/vc_column_text][vc_single_image image=\u00bb965&#8243; img_size=\u00bbfull\u00bb][vc_single_image image=\u00bb966&#8243; img_size=\u00bbfull\u00bb][vc_video link=\u00bbhttps:\/\/vimeo.com\/134867591&#8243;][\/vc_column][vc_column width=\u00bb1\/3&#8243; offset=\u00bbvc_hidden-md vc_hidden-sm vc_hidden-xs\u00bb][\/vc_column][\/vc_row]<\/p>\n<\/section>","protected":false},"excerpt":{"rendered":"<p>[vc_row][vc_column width=\u00bb2\/3&#8243;][vc_column_text]Subir el cerro y desde ah\u00ed ver donde est\u00e1 nuestra casa se trat\u00f3 de una exposici\u00f3n que se mont\u00f3 en el Museo de la Solidaridad Salvador Allende. Esta muestra, que inclu\u00eda instalaciones con video, audio y memorabilia del colectivo La Nueva Gr\u00e1fica Chilena, represent\u00f3 el momento c\u00falmine de una ap\u00f3crifa campa\u00f1a que pretend\u00eda llevar [&hellip;]<\/p>\n","protected":false},"author":1,"featured_media":0,"parent":0,"menu_order":0,"comment_status":"closed","ping_status":"closed","template":"","meta":{"footnotes":""},"class_list":["post-964","page","type-page","status-publish","hentry","missing-thumbnail"],"_links":{"self":[{"href":"https:\/\/seimpri.me\/pece\/wp-json\/wp\/v2\/pages\/964","targetHints":{"allow":["GET"]}}],"collection":[{"href":"https:\/\/seimpri.me\/pece\/wp-json\/wp\/v2\/pages"}],"about":[{"href":"https:\/\/seimpri.me\/pece\/wp-json\/wp\/v2\/types\/page"}],"author":[{"embeddable":true,"href":"https:\/\/seimpri.me\/pece\/wp-json\/wp\/v2\/users\/1"}],"replies":[{"embeddable":true,"href":"https:\/\/seimpri.me\/pece\/wp-json\/wp\/v2\/comments?post=964"}],"version-history":[{"count":4,"href":"https:\/\/seimpri.me\/pece\/wp-json\/wp\/v2\/pages\/964\/revisions"}],"predecessor-version":[{"id":1608,"href":"https:\/\/seimpri.me\/pece\/wp-json\/wp\/v2\/pages\/964\/revisions\/1608"}],"wp:attachment":[{"href":"https:\/\/seimpri.me\/pece\/wp-json\/wp\/v2\/media?parent=964"}],"curies":[{"name":"wp","href":"https:\/\/api.w.org\/{rel}","templated":true}]}}