{"id":954,"date":"2024-07-04T13:46:58","date_gmt":"2024-07-04T13:46:58","guid":{"rendered":"https:\/\/seimpri.me\/pece\/?page_id=954"},"modified":"2025-07-09T16:13:08","modified_gmt":"2025-07-09T16:13:08","slug":"mir","status":"publish","type":"page","link":"https:\/\/seimpri.me\/pece\/mir\/","title":{"rendered":"MIR"},"content":{"rendered":"<section class=\"wpb-content-wrapper\"><p>[vc_row][vc_column width=\u00bb2\/3&#8243;][vc_column_text]Salida de cancha para un equipo que iba a enfrentar un partido de f\u00fatbol que no sucedi\u00f3<\/p>\n<p>Con indumentaria conseguida en el barrio Patronato y despu\u00e9s de haber conocido el inter\u00e9s de algunas personas por quedarse con la tenida, me propuse producir una peque\u00f1a colecci\u00f3n de buzos deportivos aleg\u00f3ricos<\/p>\n<p>La idea era juntarse a jugar a la pelota pero se diluyeron las intenciones<\/p>\n<p>La sigla fue transferida usando caracteres cortados en un plotter y usando plancha de calor[\/vc_column_text][vc_single_image image=\u00bb955&#8243; img_size=\u00bbfull\u00bb][vc_single_image image=\u00bb1653&#8243; img_size=\u00bbfull\u00bb][\/vc_column][vc_column width=\u00bb1\/3&#8243; offset=\u00bbvc_hidden-md vc_hidden-sm vc_hidden-xs\u00bb][\/vc_column][\/vc_row]<\/p>\n<\/section>","protected":false},"excerpt":{"rendered":"<p>[vc_row][vc_column width=\u00bb2\/3&#8243;][vc_column_text]Salida de cancha para un equipo que iba a enfrentar un partido de f\u00fatbol que no sucedi\u00f3 Con indumentaria conseguida en el barrio Patronato y despu\u00e9s de haber conocido el inter\u00e9s de algunas personas por quedarse con la tenida, me propuse producir una peque\u00f1a colecci\u00f3n de buzos deportivos aleg\u00f3ricos La idea era juntarse a [&hellip;]<\/p>\n","protected":false},"author":1,"featured_media":0,"parent":0,"menu_order":0,"comment_status":"closed","ping_status":"closed","template":"","meta":{"footnotes":""},"class_list":["post-954","page","type-page","status-publish","hentry","missing-thumbnail"],"_links":{"self":[{"href":"https:\/\/seimpri.me\/pece\/wp-json\/wp\/v2\/pages\/954","targetHints":{"allow":["GET"]}}],"collection":[{"href":"https:\/\/seimpri.me\/pece\/wp-json\/wp\/v2\/pages"}],"about":[{"href":"https:\/\/seimpri.me\/pece\/wp-json\/wp\/v2\/types\/page"}],"author":[{"embeddable":true,"href":"https:\/\/seimpri.me\/pece\/wp-json\/wp\/v2\/users\/1"}],"replies":[{"embeddable":true,"href":"https:\/\/seimpri.me\/pece\/wp-json\/wp\/v2\/comments?post=954"}],"version-history":[{"count":5,"href":"https:\/\/seimpri.me\/pece\/wp-json\/wp\/v2\/pages\/954\/revisions"}],"predecessor-version":[{"id":1655,"href":"https:\/\/seimpri.me\/pece\/wp-json\/wp\/v2\/pages\/954\/revisions\/1655"}],"wp:attachment":[{"href":"https:\/\/seimpri.me\/pece\/wp-json\/wp\/v2\/media?parent=954"}],"curies":[{"name":"wp","href":"https:\/\/api.w.org\/{rel}","templated":true}]}}