{"id":778,"date":"2024-07-02T18:29:14","date_gmt":"2024-07-02T18:29:14","guid":{"rendered":"https:\/\/seimpri.me\/pece\/?page_id=778"},"modified":"2024-07-03T14:39:43","modified_gmt":"2024-07-03T14:39:43","slug":"si","status":"publish","type":"page","link":"https:\/\/seimpri.me\/pece\/si\/","title":{"rendered":"SI"},"content":{"rendered":"<section class=\"wpb-content-wrapper\"><p>[vc_row][vc_column width=\u00bb2\/3&#8243;][vc_column_text]Letrero fabricado con tubos de ne\u00f3n que primero fue expuesto en Valpara\u00edso para el FIFV 2015. A los minutos de ser instalada, la pieza fue apedreada y destruida de manera an\u00f3nima. Al a\u00f1o siguiente se logr\u00f3 trasladar la obra a Santiago para que reparada, formara parte de la muestra \u00abEn lo Posible de la Medida\u00bb de la Galer\u00eda Radicales.[\/vc_column_text][vc_single_image image=\u00bb779&#8243; img_size=\u00bbfull\u00bb][vc_single_image image=\u00bb780&#8243; img_size=\u00bbfull\u00bb][vc_single_image image=\u00bb781&#8243; img_size=\u00bbfull\u00bb][vc_video link=\u00bbhttps:\/\/youtu.be\/SCALk_xGWm8?si=2OYGJyOeYEhZpFTy\u00bb][\/vc_column][vc_column width=\u00bb1\/3&#8243; offset=\u00bbvc_hidden-md vc_hidden-sm vc_hidden-xs\u00bb][\/vc_column][\/vc_row]<\/p>\n<\/section>","protected":false},"excerpt":{"rendered":"<p>[vc_row][vc_column width=\u00bb2\/3&#8243;][vc_column_text]Letrero fabricado con tubos de ne\u00f3n que primero fue expuesto en Valpara\u00edso para el FIFV 2015. A los minutos de ser instalada, la pieza fue apedreada y destruida de manera an\u00f3nima. Al a\u00f1o siguiente se logr\u00f3 trasladar la obra a Santiago para que reparada, formara parte de la muestra \u00abEn lo Posible de la [&hellip;]<\/p>\n","protected":false},"author":1,"featured_media":0,"parent":0,"menu_order":0,"comment_status":"closed","ping_status":"closed","template":"","meta":{"footnotes":""},"class_list":["post-778","page","type-page","status-publish","hentry","missing-thumbnail"],"_links":{"self":[{"href":"https:\/\/seimpri.me\/pece\/wp-json\/wp\/v2\/pages\/778","targetHints":{"allow":["GET"]}}],"collection":[{"href":"https:\/\/seimpri.me\/pece\/wp-json\/wp\/v2\/pages"}],"about":[{"href":"https:\/\/seimpri.me\/pece\/wp-json\/wp\/v2\/types\/page"}],"author":[{"embeddable":true,"href":"https:\/\/seimpri.me\/pece\/wp-json\/wp\/v2\/users\/1"}],"replies":[{"embeddable":true,"href":"https:\/\/seimpri.me\/pece\/wp-json\/wp\/v2\/comments?post=778"}],"version-history":[{"count":4,"href":"https:\/\/seimpri.me\/pece\/wp-json\/wp\/v2\/pages\/778\/revisions"}],"predecessor-version":[{"id":842,"href":"https:\/\/seimpri.me\/pece\/wp-json\/wp\/v2\/pages\/778\/revisions\/842"}],"wp:attachment":[{"href":"https:\/\/seimpri.me\/pece\/wp-json\/wp\/v2\/media?parent=778"}],"curies":[{"name":"wp","href":"https:\/\/api.w.org\/{rel}","templated":true}]}}