{"id":757,"date":"2024-07-02T15:11:19","date_gmt":"2024-07-02T15:11:19","guid":{"rendered":"https:\/\/seimpri.me\/pece\/?page_id=757"},"modified":"2025-04-29T21:35:51","modified_gmt":"2025-04-29T21:35:51","slug":"multiplo","status":"publish","type":"page","link":"https:\/\/seimpri.me\/pece\/multiplo\/","title":{"rendered":"MULTIPLO"},"content":{"rendered":"<section class=\"wpb-content-wrapper\"><p>[vc_row][vc_column width=\u00bb2\/3&#8243;][vc_column_text]Exhibici\u00f3n y actividades paralelas a partir de lal invitaci\u00f3n que se le realiz\u00f3 a la artista y curadora brasile\u00f1a <a href=\"https:\/\/www.instagram.com\/borghi.paula\/\">Paula Borghi<\/a>, gestora del <a href=\"https:\/\/pousta.com\/projeto-multiplo-diseno-editorial-independiente-latinoamericano\/\">Projecto Multiplo<\/a> que es un gran acervo de publicaciones independientes y libros de artista latinoamericanos<\/p>\n<p>Esta actividad se emplaz\u00f3 como referente de todo lo que suceder\u00eda despu\u00e9s en relaci\u00f3n a las publicaciones de arte y el universo en torno al arte impreso[\/vc_column_text][vc_single_image image=\u00bb758&#8243; img_size=\u00bbfull\u00bb][vc_single_image image=\u00bb1336&#8243; img_size=\u00bbfull\u00bb][vc_single_image image=\u00bb1333&#8243; img_size=\u00bbfull\u00bb][vc_single_image image=\u00bb1332&#8243; img_size=\u00bbfull\u00bb][vc_single_image image=\u00bb1335&#8243; img_size=\u00bbfull\u00bb][vc_single_image image=\u00bb769&#8243; img_size=\u00bbfull\u00bb][\/vc_column][vc_column width=\u00bb1\/3&#8243; offset=\u00bbvc_hidden-md vc_hidden-sm vc_hidden-xs\u00bb][\/vc_column][\/vc_row]<\/p>\n<\/section>","protected":false},"excerpt":{"rendered":"<p>[vc_row][vc_column width=\u00bb2\/3&#8243;][vc_column_text]Exhibici\u00f3n y actividades paralelas a partir de lal invitaci\u00f3n que se le realiz\u00f3 a la artista y curadora brasile\u00f1a Paula Borghi, gestora del Projecto Multiplo que es un gran acervo de publicaciones independientes y libros de artista latinoamericanos Esta actividad se emplaz\u00f3 como referente de todo lo que suceder\u00eda despu\u00e9s en relaci\u00f3n a las [&hellip;]<\/p>\n","protected":false},"author":1,"featured_media":0,"parent":0,"menu_order":0,"comment_status":"closed","ping_status":"closed","template":"","meta":{"footnotes":""},"class_list":["post-757","page","type-page","status-publish","hentry","missing-thumbnail"],"_links":{"self":[{"href":"https:\/\/seimpri.me\/pece\/wp-json\/wp\/v2\/pages\/757","targetHints":{"allow":["GET"]}}],"collection":[{"href":"https:\/\/seimpri.me\/pece\/wp-json\/wp\/v2\/pages"}],"about":[{"href":"https:\/\/seimpri.me\/pece\/wp-json\/wp\/v2\/types\/page"}],"author":[{"embeddable":true,"href":"https:\/\/seimpri.me\/pece\/wp-json\/wp\/v2\/users\/1"}],"replies":[{"embeddable":true,"href":"https:\/\/seimpri.me\/pece\/wp-json\/wp\/v2\/comments?post=757"}],"version-history":[{"count":6,"href":"https:\/\/seimpri.me\/pece\/wp-json\/wp\/v2\/pages\/757\/revisions"}],"predecessor-version":[{"id":1588,"href":"https:\/\/seimpri.me\/pece\/wp-json\/wp\/v2\/pages\/757\/revisions\/1588"}],"wp:attachment":[{"href":"https:\/\/seimpri.me\/pece\/wp-json\/wp\/v2\/media?parent=757"}],"curies":[{"name":"wp","href":"https:\/\/api.w.org\/{rel}","templated":true}]}}