{"id":750,"date":"2024-07-02T14:41:07","date_gmt":"2024-07-02T14:41:07","guid":{"rendered":"https:\/\/seimpri.me\/pece\/?page_id=750"},"modified":"2025-05-13T18:56:35","modified_gmt":"2025-05-13T18:56:35","slug":"grandes-exitos","status":"publish","type":"page","link":"https:\/\/seimpri.me\/pece\/grandes-exitos\/","title":{"rendered":"GRANDES EXITOS"},"content":{"rendered":"<section class=\"wpb-content-wrapper\"><p>[vc_row][vc_column width=\u00bb2\/3&#8243;][vc_column_text]Publicaci\u00f3n en formato disco de vinilo de 12&#8243; que fue realizada empujados por una invitaci\u00f3n a participar en la versi\u00f3n de ChACO del a\u00f1o 2012. A partir de una clara referencia de <a href=\"http:\/\/www.musicapopular.cl\/grupo\/quilapayun\/\">una fotograf\u00eda que Antonio Larrea le hizo al grupo Quilapay\u00fan<\/a>, trastocamos las intenciones para lograr con el incondicional apoyo del fot\u00f3grafo <a href=\"https:\/\/www.schkolnick.com\/\">Gabriel Schkolnick<\/a>, una imagen que usamos para la tapa del disco y para un p\u00f3ster desplegable[\/vc_column_text][vc_single_image image=\u00bb751&#8243; img_size=\u00bbfull\u00bb][vc_single_image image=\u00bb752&#8243; img_size=\u00bbfull\u00bb][vc_single_image image=\u00bb755&#8243; img_size=\u00bbfull\u00bb][vc_video link=\u00bbhttps:\/\/www.youtube.com\/watch?v=eWuVIg37uLs\u00bb][vc_video link=\u00bbhttps:\/\/www.youtube.com\/watch?v=seftvnx_A-8&#8243;][\/vc_column][vc_column width=\u00bb1\/3&#8243; offset=\u00bbvc_hidden-md vc_hidden-sm vc_hidden-xs\u00bb][\/vc_column][\/vc_row]<\/p>\n<\/section>","protected":false},"excerpt":{"rendered":"<p>[vc_row][vc_column width=\u00bb2\/3&#8243;][vc_column_text]Publicaci\u00f3n en formato disco de vinilo de 12&#8243; que fue realizada empujados por una invitaci\u00f3n a participar en la versi\u00f3n de ChACO del a\u00f1o 2012. A partir de una clara referencia de una fotograf\u00eda que Antonio Larrea le hizo al grupo Quilapay\u00fan, trastocamos las intenciones para lograr con el incondicional apoyo del fot\u00f3grafo Gabriel [&hellip;]<\/p>\n","protected":false},"author":1,"featured_media":0,"parent":0,"menu_order":0,"comment_status":"closed","ping_status":"closed","template":"","meta":{"footnotes":""},"class_list":["post-750","page","type-page","status-publish","hentry","missing-thumbnail"],"_links":{"self":[{"href":"https:\/\/seimpri.me\/pece\/wp-json\/wp\/v2\/pages\/750","targetHints":{"allow":["GET"]}}],"collection":[{"href":"https:\/\/seimpri.me\/pece\/wp-json\/wp\/v2\/pages"}],"about":[{"href":"https:\/\/seimpri.me\/pece\/wp-json\/wp\/v2\/types\/page"}],"author":[{"embeddable":true,"href":"https:\/\/seimpri.me\/pece\/wp-json\/wp\/v2\/users\/1"}],"replies":[{"embeddable":true,"href":"https:\/\/seimpri.me\/pece\/wp-json\/wp\/v2\/comments?post=750"}],"version-history":[{"count":5,"href":"https:\/\/seimpri.me\/pece\/wp-json\/wp\/v2\/pages\/750\/revisions"}],"predecessor-version":[{"id":1648,"href":"https:\/\/seimpri.me\/pece\/wp-json\/wp\/v2\/pages\/750\/revisions\/1648"}],"wp:attachment":[{"href":"https:\/\/seimpri.me\/pece\/wp-json\/wp\/v2\/media?parent=750"}],"curies":[{"name":"wp","href":"https:\/\/api.w.org\/{rel}","templated":true}]}}