{"id":491,"date":"2024-06-27T22:37:32","date_gmt":"2024-06-27T22:37:32","guid":{"rendered":"https:\/\/seimpri.me\/pece\/?page_id=491"},"modified":"2025-04-29T21:36:34","modified_gmt":"2025-04-29T21:36:34","slug":"naruto","status":"publish","type":"page","link":"https:\/\/seimpri.me\/pece\/naruto\/","title":{"rendered":"NARUTO"},"content":{"rendered":"<section class=\"wpb-content-wrapper\"><p>[vc_row][vc_column width=\u00bb2\/3&#8243;][vc_column_text]Ilustraciones para un art\u00edculo de <a href=\"https:\/\/www.rotundamagazine.com\/en\/que-tan-libre-es-el-arte-capitalismo-victor-lopez-y-pablo-castro\/\">V\u00edctor L\u00f3pez en Rotunda Magazine<\/a> que hice con dibujos del manga Naruto que por esos d\u00edas ve\u00edamos mucho en casa[\/vc_column_text][vc_single_image image=\u00bb496&#8243; img_size=\u00bbfull\u00bb][vc_single_image image=\u00bb495&#8243; img_size=\u00bbfull\u00bb][vc_single_image image=\u00bb494&#8243; img_size=\u00bbfull\u00bb][vc_single_image image=\u00bb493&#8243; img_size=\u00bbfull\u00bb][\/vc_column][vc_column width=\u00bb1\/3&#8243; offset=\u00bbvc_hidden-md vc_hidden-sm vc_hidden-xs\u00bb][\/vc_column][\/vc_row]<\/p>\n<\/section>","protected":false},"excerpt":{"rendered":"<p>[vc_row][vc_column width=\u00bb2\/3&#8243;][vc_column_text]Ilustraciones para un art\u00edculo de V\u00edctor L\u00f3pez en Rotunda Magazine que hice con dibujos del manga Naruto que por esos d\u00edas ve\u00edamos mucho en casa[\/vc_column_text][vc_single_image image=\u00bb496&#8243; img_size=\u00bbfull\u00bb][vc_single_image image=\u00bb495&#8243; img_size=\u00bbfull\u00bb][vc_single_image image=\u00bb494&#8243; img_size=\u00bbfull\u00bb][vc_single_image image=\u00bb493&#8243; img_size=\u00bbfull\u00bb][\/vc_column][vc_column width=\u00bb1\/3&#8243; offset=\u00bbvc_hidden-md vc_hidden-sm vc_hidden-xs\u00bb][\/vc_column][\/vc_row]<\/p>\n","protected":false},"author":1,"featured_media":0,"parent":0,"menu_order":0,"comment_status":"closed","ping_status":"closed","template":"","meta":{"footnotes":""},"class_list":["post-491","page","type-page","status-publish","hentry","missing-thumbnail"],"_links":{"self":[{"href":"https:\/\/seimpri.me\/pece\/wp-json\/wp\/v2\/pages\/491","targetHints":{"allow":["GET"]}}],"collection":[{"href":"https:\/\/seimpri.me\/pece\/wp-json\/wp\/v2\/pages"}],"about":[{"href":"https:\/\/seimpri.me\/pece\/wp-json\/wp\/v2\/types\/page"}],"author":[{"embeddable":true,"href":"https:\/\/seimpri.me\/pece\/wp-json\/wp\/v2\/users\/1"}],"replies":[{"embeddable":true,"href":"https:\/\/seimpri.me\/pece\/wp-json\/wp\/v2\/comments?post=491"}],"version-history":[{"count":5,"href":"https:\/\/seimpri.me\/pece\/wp-json\/wp\/v2\/pages\/491\/revisions"}],"predecessor-version":[{"id":1591,"href":"https:\/\/seimpri.me\/pece\/wp-json\/wp\/v2\/pages\/491\/revisions\/1591"}],"wp:attachment":[{"href":"https:\/\/seimpri.me\/pece\/wp-json\/wp\/v2\/media?parent=491"}],"curies":[{"name":"wp","href":"https:\/\/api.w.org\/{rel}","templated":true}]}}