{"id":403,"date":"2024-06-27T17:11:25","date_gmt":"2024-06-27T17:11:25","guid":{"rendered":"https:\/\/seimpri.me\/pece\/?page_id=403"},"modified":"2025-04-29T21:38:32","modified_gmt":"2025-04-29T21:38:32","slug":"normalidad","status":"publish","type":"page","link":"https:\/\/seimpri.me\/pece\/normalidad\/","title":{"rendered":"NORMALIDAD"},"content":{"rendered":"<section class=\"wpb-content-wrapper\"><p>[vc_row][vc_column width=\u00bb2\/3&#8243;][vc_column_text]<\/p>\n<div dir=\"auto\"><em>NORMALIDAD<\/em> es una fuente de s\u00edmbolos o dingbats conformada por 46 glifos que entre may\u00fasculas y min\u00fasculas permite la composici\u00f3n de textos cortos, t\u00edtulos y frases. <em>NORMALIDAD<\/em> se presenta como dispositivo gr\u00e1fico para desmantelar la identidad de logos, isotipos e imagotipos construidos para compa\u00f1\u00edas e instituciones hegem\u00f3nicas. Desarrollada durante el mes de enero del 2020 en la ciudad de Santiago, Chile<\/div>\n<div dir=\"auto\">\n<p>&nbsp;<\/p>\n<\/div>\n<p><a href=\"https:\/\/drive.google.com\/file\/d\/1UpVMZeApJyeef53OfrMqo7m7ArkfzxcT\/view?usp=sharing\">Descargar Normalidad-Regular.ttf<\/a>[\/vc_column_text][vc_single_image image=\u00bb410&#8243; img_size=\u00bbfull\u00bb][vc_single_image image=\u00bb404&#8243; img_size=\u00bbfull\u00bb][vc_single_image image=\u00bb406&#8243; img_size=\u00bbfull\u00bb][\/vc_column][vc_column width=\u00bb1\/3&#8243; offset=\u00bbvc_hidden-md vc_hidden-sm vc_hidden-xs\u00bb][\/vc_column][\/vc_row]<\/p>\n<\/section>","protected":false},"excerpt":{"rendered":"<p>[vc_row][vc_column width=\u00bb2\/3&#8243;][vc_column_text] NORMALIDAD es una fuente de s\u00edmbolos o dingbats conformada por 46 glifos que entre may\u00fasculas y min\u00fasculas permite la composici\u00f3n de textos cortos, t\u00edtulos y frases. NORMALIDAD se presenta como dispositivo gr\u00e1fico para desmantelar la identidad de logos, isotipos e imagotipos construidos para compa\u00f1\u00edas e instituciones hegem\u00f3nicas. Desarrollada durante el mes de enero [&hellip;]<\/p>\n","protected":false},"author":1,"featured_media":0,"parent":0,"menu_order":0,"comment_status":"closed","ping_status":"closed","template":"","meta":{"footnotes":""},"class_list":["post-403","page","type-page","status-publish","hentry","missing-thumbnail"],"_links":{"self":[{"href":"https:\/\/seimpri.me\/pece\/wp-json\/wp\/v2\/pages\/403","targetHints":{"allow":["GET"]}}],"collection":[{"href":"https:\/\/seimpri.me\/pece\/wp-json\/wp\/v2\/pages"}],"about":[{"href":"https:\/\/seimpri.me\/pece\/wp-json\/wp\/v2\/types\/page"}],"author":[{"embeddable":true,"href":"https:\/\/seimpri.me\/pece\/wp-json\/wp\/v2\/users\/1"}],"replies":[{"embeddable":true,"href":"https:\/\/seimpri.me\/pece\/wp-json\/wp\/v2\/comments?post=403"}],"version-history":[{"count":8,"href":"https:\/\/seimpri.me\/pece\/wp-json\/wp\/v2\/pages\/403\/revisions"}],"predecessor-version":[{"id":1597,"href":"https:\/\/seimpri.me\/pece\/wp-json\/wp\/v2\/pages\/403\/revisions\/1597"}],"wp:attachment":[{"href":"https:\/\/seimpri.me\/pece\/wp-json\/wp\/v2\/media?parent=403"}],"curies":[{"name":"wp","href":"https:\/\/api.w.org\/{rel}","templated":true}]}}