{"id":348,"date":"2024-06-27T01:23:31","date_gmt":"2024-06-27T01:23:31","guid":{"rendered":"https:\/\/seimpri.me\/pece\/?page_id=348"},"modified":"2025-04-29T21:33:23","modified_gmt":"2025-04-29T21:33:23","slug":"los-golpes","status":"publish","type":"page","link":"https:\/\/seimpri.me\/pece\/los-golpes\/","title":{"rendered":"LOS GOLPES"},"content":{"rendered":"<section class=\"wpb-content-wrapper\"><p>[vc_row][vc_column width=\u00bb2\/3&#8243;][vc_column_text]Publicaci\u00f3n en formato fanzine que toma como concepto el nombre de la banda de canciones rom\u00e1nticas, Los Golpes. En su interior se despliega una colecci\u00f3n de im\u00e1genes intervenidas y editadas que circulan entre los temas de la protesta social chilena utilizando el collage visual junto a segmentos de las canciones de la banda. Esta publicaci\u00f3n fue producida utilizando la impresora risogr\u00e1fica de la <a href=\"https:\/\/www.instagram.com\/dudoediciones\/\">Mar\u00eda Paz<\/a> emplazada en la Sala de Artes Visuales del Centro Cultural Gabriela Mistral (GAM) que ocupa el espacio del subterr\u00e1neo del edificio de la UNCTAD, construido en 1973 por el gobierno popular de Salvador Allende.<\/p>\n<ul class=\"info\">\n<li>Proceso: Risograf\u00eda \/ 2 colores<\/li>\n<li>Dimensiones: 13,5 X 20 cms.<\/li>\n<li>Caracter\u00edsticas:\n<ul>\n<li>12 p\u00e1ginas Papel Roneo 60 grs.<\/li>\n<li>Sobre Polietileno negro<\/li>\n<li>Encuadernaci\u00f3n plaquette y corchete<\/li>\n<\/ul>\n<\/li>\n<li>Tiraje: 30 ejemplares<\/li>\n<\/ul>\n<p>[\/vc_column_text][vc_single_image image=\u00bb349&#8243; img_size=\u00bbfull\u00bb][vc_single_image image=\u00bb350&#8243; img_size=\u00bbfull\u00bb][vc_single_image image=\u00bb351&#8243; img_size=\u00bbfull\u00bb][\/vc_column][vc_column width=\u00bb1\/3&#8243; offset=\u00bbvc_hidden-md vc_hidden-sm vc_hidden-xs\u00bb][\/vc_column][\/vc_row]<\/p>\n<\/section>","protected":false},"excerpt":{"rendered":"<p>[vc_row][vc_column width=\u00bb2\/3&#8243;][vc_column_text]Publicaci\u00f3n en formato fanzine que toma como concepto el nombre de la banda de canciones rom\u00e1nticas, Los Golpes. En su interior se despliega una colecci\u00f3n de im\u00e1genes intervenidas y editadas que circulan entre los temas de la protesta social chilena utilizando el collage visual junto a segmentos de las canciones de la banda. Esta [&hellip;]<\/p>\n","protected":false},"author":1,"featured_media":0,"parent":0,"menu_order":0,"comment_status":"closed","ping_status":"closed","template":"","meta":{"footnotes":""},"class_list":["post-348","page","type-page","status-publish","hentry","missing-thumbnail"],"_links":{"self":[{"href":"https:\/\/seimpri.me\/pece\/wp-json\/wp\/v2\/pages\/348","targetHints":{"allow":["GET"]}}],"collection":[{"href":"https:\/\/seimpri.me\/pece\/wp-json\/wp\/v2\/pages"}],"about":[{"href":"https:\/\/seimpri.me\/pece\/wp-json\/wp\/v2\/types\/page"}],"author":[{"embeddable":true,"href":"https:\/\/seimpri.me\/pece\/wp-json\/wp\/v2\/users\/1"}],"replies":[{"embeddable":true,"href":"https:\/\/seimpri.me\/pece\/wp-json\/wp\/v2\/comments?post=348"}],"version-history":[{"count":3,"href":"https:\/\/seimpri.me\/pece\/wp-json\/wp\/v2\/pages\/348\/revisions"}],"predecessor-version":[{"id":1580,"href":"https:\/\/seimpri.me\/pece\/wp-json\/wp\/v2\/pages\/348\/revisions\/1580"}],"wp:attachment":[{"href":"https:\/\/seimpri.me\/pece\/wp-json\/wp\/v2\/media?parent=348"}],"curies":[{"name":"wp","href":"https:\/\/api.w.org\/{rel}","templated":true}]}}