{"id":338,"date":"2024-06-27T01:17:01","date_gmt":"2024-06-27T01:17:01","guid":{"rendered":"https:\/\/seimpri.me\/pece\/?page_id=338"},"modified":"2024-06-27T01:17:01","modified_gmt":"2024-06-27T01:17:01","slug":"minimo","status":"publish","type":"page","link":"https:\/\/seimpri.me\/pece\/minimo\/","title":{"rendered":"MINIMO"},"content":{"rendered":"<section class=\"wpb-content-wrapper\"><p>[vc_row][vc_column width=\u00bb2\/3&#8243;][vc_column_text]<a href=\"https:\/\/ominim.bandcamp.com\/album\/m-i-n-i-m-o\">MINIMO<\/a> es el nombre de un fonograma que publiqu\u00e9 cuando cumpl\u00ed 50 a\u00f1os. Cinco pistas musicales auto gestadas y duplicadas por No Problema Tapes cuando ten\u00edan su taller en el barrio Yungay. La m\u00fasica la hice con mi hermano en 1995 usando una bater\u00eda programable Alesis HR-16, un sintetizador Casio CZ-1000, bajo electrico, y una c\u00e1mara de eco. Circularon 20 copias.[\/vc_column_text][vc_single_image image=\u00bb340&#8243; img_size=\u00bbfull\u00bb][vc_single_image image=\u00bb339&#8243; img_size=\u00bbfull\u00bb][vc_single_image image=\u00bb341&#8243; img_size=\u00bbfull\u00bb][\/vc_column][vc_column width=\u00bb1\/3&#8243; offset=\u00bbvc_hidden-md vc_hidden-sm vc_hidden-xs\u00bb][\/vc_column][\/vc_row]<\/p>\n<\/section>","protected":false},"excerpt":{"rendered":"<p>[vc_row][vc_column width=\u00bb2\/3&#8243;][vc_column_text]MINIMO es el nombre de un fonograma que publiqu\u00e9 cuando cumpl\u00ed 50 a\u00f1os. Cinco pistas musicales auto gestadas y duplicadas por No Problema Tapes cuando ten\u00edan su taller en el barrio Yungay. La m\u00fasica la hice con mi hermano en 1995 usando una bater\u00eda programable Alesis HR-16, un sintetizador Casio CZ-1000, bajo electrico, y [&hellip;]<\/p>\n","protected":false},"author":1,"featured_media":0,"parent":0,"menu_order":0,"comment_status":"closed","ping_status":"closed","template":"","meta":{"footnotes":""},"class_list":["post-338","page","type-page","status-publish","hentry","missing-thumbnail"],"_links":{"self":[{"href":"https:\/\/seimpri.me\/pece\/wp-json\/wp\/v2\/pages\/338","targetHints":{"allow":["GET"]}}],"collection":[{"href":"https:\/\/seimpri.me\/pece\/wp-json\/wp\/v2\/pages"}],"about":[{"href":"https:\/\/seimpri.me\/pece\/wp-json\/wp\/v2\/types\/page"}],"author":[{"embeddable":true,"href":"https:\/\/seimpri.me\/pece\/wp-json\/wp\/v2\/users\/1"}],"replies":[{"embeddable":true,"href":"https:\/\/seimpri.me\/pece\/wp-json\/wp\/v2\/comments?post=338"}],"version-history":[{"count":1,"href":"https:\/\/seimpri.me\/pece\/wp-json\/wp\/v2\/pages\/338\/revisions"}],"predecessor-version":[{"id":346,"href":"https:\/\/seimpri.me\/pece\/wp-json\/wp\/v2\/pages\/338\/revisions\/346"}],"wp:attachment":[{"href":"https:\/\/seimpri.me\/pece\/wp-json\/wp\/v2\/media?parent=338"}],"curies":[{"name":"wp","href":"https:\/\/api.w.org\/{rel}","templated":true}]}}