{"id":316,"date":"2024-06-27T00:24:25","date_gmt":"2024-06-27T00:24:25","guid":{"rendered":"https:\/\/seimpri.me\/pece\/?page_id=316"},"modified":"2024-07-18T15:49:42","modified_gmt":"2024-07-18T15:49:42","slug":"roto","status":"publish","type":"page","link":"https:\/\/seimpri.me\/pece\/roto\/","title":{"rendered":"ROTO"},"content":{"rendered":"<section class=\"wpb-content-wrapper\"><p>[vc_row][vc_column width=\u00bb2\/3&#8243;][vc_column_text]La primera edici\u00f3n de <a href=\"https:\/\/ominim.bandcamp.com\/album\/roto\"><strong>ROTO<\/strong><\/a>, junio 2022, se trataba de una publicaci\u00f3n en formato cinta de caset grabado dom\u00e9sticamente y a pedido, usando cintas recicladas. El caset y la caja, pintadas a mano. El lado A y B incluyen la misma programaci\u00f3n y la car\u00e1tula fue impresa con t\u00f3ner sobre cartulina de color. Las primeras copias fueron realizadas especialmente para ser presentadas en K-Mess, encuentro en torno a las publicaciones sonoras, Z\u00fcrich, 2022.<\/p>\n<p>La segunda edici\u00f3n de <a href=\"https:\/\/ominim.bandcamp.com\/album\/roto\"><strong>ROTO<\/strong><\/a> estuvo a cargo de HUEKO (Hueso Records + Kolala) y se produjeron 75 copias distribuidas entre Chile y EEUU.[\/vc_column_text][vc_single_image image=\u00bb320&#8243; img_size=\u00bbfull\u00bb][vc_single_image image=\u00bb1149&#8243; img_size=\u00bbfull\u00bb][vc_single_image image=\u00bb319&#8243; img_size=\u00bbfull\u00bb][vc_single_image image=\u00bb317&#8243; img_size=\u00bbfull\u00bb][\/vc_column][vc_column width=\u00bb1\/3&#8243; offset=\u00bbvc_hidden-md vc_hidden-sm vc_hidden-xs\u00bb][\/vc_column][\/vc_row]<\/p>\n<\/section>","protected":false},"excerpt":{"rendered":"<p>[vc_row][vc_column width=\u00bb2\/3&#8243;][vc_column_text]La primera edici\u00f3n de ROTO, junio 2022, se trataba de una publicaci\u00f3n en formato cinta de caset grabado dom\u00e9sticamente y a pedido, usando cintas recicladas. El caset y la caja, pintadas a mano. El lado A y B incluyen la misma programaci\u00f3n y la car\u00e1tula fue impresa con t\u00f3ner sobre cartulina de color. Las [&hellip;]<\/p>\n","protected":false},"author":1,"featured_media":0,"parent":0,"menu_order":0,"comment_status":"closed","ping_status":"closed","template":"","meta":{"footnotes":""},"class_list":["post-316","page","type-page","status-publish","hentry","missing-thumbnail"],"_links":{"self":[{"href":"https:\/\/seimpri.me\/pece\/wp-json\/wp\/v2\/pages\/316","targetHints":{"allow":["GET"]}}],"collection":[{"href":"https:\/\/seimpri.me\/pece\/wp-json\/wp\/v2\/pages"}],"about":[{"href":"https:\/\/seimpri.me\/pece\/wp-json\/wp\/v2\/types\/page"}],"author":[{"embeddable":true,"href":"https:\/\/seimpri.me\/pece\/wp-json\/wp\/v2\/users\/1"}],"replies":[{"embeddable":true,"href":"https:\/\/seimpri.me\/pece\/wp-json\/wp\/v2\/comments?post=316"}],"version-history":[{"count":5,"href":"https:\/\/seimpri.me\/pece\/wp-json\/wp\/v2\/pages\/316\/revisions"}],"predecessor-version":[{"id":1151,"href":"https:\/\/seimpri.me\/pece\/wp-json\/wp\/v2\/pages\/316\/revisions\/1151"}],"wp:attachment":[{"href":"https:\/\/seimpri.me\/pece\/wp-json\/wp\/v2\/media?parent=316"}],"curies":[{"name":"wp","href":"https:\/\/api.w.org\/{rel}","templated":true}]}}