{"id":312,"date":"2024-06-27T00:14:59","date_gmt":"2024-06-27T00:14:59","guid":{"rendered":"https:\/\/seimpri.me\/pece\/?page_id=312"},"modified":"2025-04-29T20:57:05","modified_gmt":"2025-04-29T20:57:05","slug":"cancionero","status":"publish","type":"page","link":"https:\/\/seimpri.me\/pece\/cancionero\/","title":{"rendered":"CANCIONERO"},"content":{"rendered":"<section class=\"wpb-content-wrapper\"><p>[vc_row][vc_column width=\u00bb2\/3&#8243;][vc_column_text]SE IMPRIME se inaugur\u00f3 en abril de 2022 y su primera publicaci\u00f3n fue un cancionero: <em>Kem canta sus males Sparta<\/em>. El impreso fue completamente producido en el Local 53 del Galp\u00f3n 2 del Persa V\u00edctor Manuel y el tiraje fue de 50 copias.[\/vc_column_text][vc_single_image image=\u00bb313&#8243; img_size=\u00bbfull\u00bb][\/vc_column][vc_column width=\u00bb1\/3&#8243; offset=\u00bbvc_hidden-md vc_hidden-sm vc_hidden-xs\u00bb][\/vc_column][\/vc_row]<\/p>\n<\/section>","protected":false},"excerpt":{"rendered":"<p>[vc_row][vc_column width=\u00bb2\/3&#8243;][vc_column_text]SE IMPRIME se inaugur\u00f3 en abril de 2022 y su primera publicaci\u00f3n fue un cancionero: Kem canta sus males Sparta. El impreso fue completamente producido en el Local 53 del Galp\u00f3n 2 del Persa V\u00edctor Manuel y el tiraje fue de 50 copias.[\/vc_column_text][vc_single_image image=\u00bb313&#8243; img_size=\u00bbfull\u00bb][\/vc_column][vc_column width=\u00bb1\/3&#8243; offset=\u00bbvc_hidden-md vc_hidden-sm vc_hidden-xs\u00bb][\/vc_column][\/vc_row]<\/p>\n","protected":false},"author":1,"featured_media":0,"parent":0,"menu_order":0,"comment_status":"closed","ping_status":"closed","template":"","meta":{"footnotes":""},"class_list":["post-312","page","type-page","status-publish","hentry","missing-thumbnail"],"_links":{"self":[{"href":"https:\/\/seimpri.me\/pece\/wp-json\/wp\/v2\/pages\/312","targetHints":{"allow":["GET"]}}],"collection":[{"href":"https:\/\/seimpri.me\/pece\/wp-json\/wp\/v2\/pages"}],"about":[{"href":"https:\/\/seimpri.me\/pece\/wp-json\/wp\/v2\/types\/page"}],"author":[{"embeddable":true,"href":"https:\/\/seimpri.me\/pece\/wp-json\/wp\/v2\/users\/1"}],"replies":[{"embeddable":true,"href":"https:\/\/seimpri.me\/pece\/wp-json\/wp\/v2\/comments?post=312"}],"version-history":[{"count":2,"href":"https:\/\/seimpri.me\/pece\/wp-json\/wp\/v2\/pages\/312\/revisions"}],"predecessor-version":[{"id":1530,"href":"https:\/\/seimpri.me\/pece\/wp-json\/wp\/v2\/pages\/312\/revisions\/1530"}],"wp:attachment":[{"href":"https:\/\/seimpri.me\/pece\/wp-json\/wp\/v2\/media?parent=312"}],"curies":[{"name":"wp","href":"https:\/\/api.w.org\/{rel}","templated":true}]}}