{"id":294,"date":"2024-06-26T23:06:59","date_gmt":"2024-06-26T23:06:59","guid":{"rendered":"https:\/\/seimpri.me\/pece\/?page_id=294"},"modified":"2025-04-29T21:02:06","modified_gmt":"2025-04-29T21:02:06","slug":"euforia-cuando-santiago-era-una-fiesta","status":"publish","type":"page","link":"https:\/\/seimpri.me\/pece\/euforia-cuando-santiago-era-una-fiesta\/","title":{"rendered":"EUFORIA: CUANDO SANTIAGO ERA UNA FIESTA"},"content":{"rendered":"<section class=\"wpb-content-wrapper\"><p>[vc_row][vc_column width=\u00bb2\/3&#8243;][vc_column_text]Libro que recopila casi un centener de fotograf\u00edas capturadas por Javier Godoy entre 1995 y 2005 en medio de las raves callejeras que organizaba el colectivo Euphoria en Santiago, Chile. El libro no incluye textos en su interior, s\u00f3lo impagenes pero cuenta en su reverso con un texto escrito por Marisol Garc\u00eda que ubica en su contexto a la publicaci\u00f3n.<\/p>\n<ul class=\"info\">\n<li>Proceso: Offset \/ Cuatricrom\u00eda<\/li>\n<li>Dimensiones: 21 X 30 cms.<\/li>\n<li>Caracter\u00edsticas:\n<ul>\n<li>Interior 88 p\u00e1ginas color.<\/li>\n<li>Sobrecubierta color impresa en cartulina 350 gramos, reverso a dos tintas negras.<\/li>\n<li>Encuadernaci\u00f3n lomo cuadrado, costura hilo y hotmelt.<\/li>\n<\/ul>\n<\/li>\n<\/ul>\n<p>[\/vc_column_text][vc_single_image image=\u00bb848&#8243; img_size=\u00bbfull\u00bb][vc_single_image image=\u00bb849&#8243; img_size=\u00bbfull\u00bb][vc_single_image image=\u00bb850&#8243; img_size=\u00bbfull\u00bb][vc_single_image image=\u00bb851&#8243; img_size=\u00bbfull\u00bb][vc_single_image image=\u00bb852&#8243; img_size=\u00bbfull\u00bb][vc_video link=\u00bbhttps:\/\/www.youtube.com\/watch?v=GRe4Gg6eJx0&#8243;][\/vc_column][vc_column width=\u00bb1\/3&#8243; offset=\u00bbvc_hidden-md vc_hidden-sm vc_hidden-xs\u00bb][\/vc_column][\/vc_row]<\/p>\n<\/section>","protected":false},"excerpt":{"rendered":"<p>[vc_row][vc_column width=\u00bb2\/3&#8243;][vc_column_text]Libro que recopila casi un centener de fotograf\u00edas capturadas por Javier Godoy entre 1995 y 2005 en medio de las raves callejeras que organizaba el colectivo Euphoria en Santiago, Chile. El libro no incluye textos en su interior, s\u00f3lo impagenes pero cuenta en su reverso con un texto escrito por Marisol Garc\u00eda que ubica [&hellip;]<\/p>\n","protected":false},"author":1,"featured_media":0,"parent":0,"menu_order":0,"comment_status":"closed","ping_status":"closed","template":"","meta":{"footnotes":""},"class_list":["post-294","page","type-page","status-publish","hentry","missing-thumbnail"],"_links":{"self":[{"href":"https:\/\/seimpri.me\/pece\/wp-json\/wp\/v2\/pages\/294","targetHints":{"allow":["GET"]}}],"collection":[{"href":"https:\/\/seimpri.me\/pece\/wp-json\/wp\/v2\/pages"}],"about":[{"href":"https:\/\/seimpri.me\/pece\/wp-json\/wp\/v2\/types\/page"}],"author":[{"embeddable":true,"href":"https:\/\/seimpri.me\/pece\/wp-json\/wp\/v2\/users\/1"}],"replies":[{"embeddable":true,"href":"https:\/\/seimpri.me\/pece\/wp-json\/wp\/v2\/comments?post=294"}],"version-history":[{"count":4,"href":"https:\/\/seimpri.me\/pece\/wp-json\/wp\/v2\/pages\/294\/revisions"}],"predecessor-version":[{"id":1546,"href":"https:\/\/seimpri.me\/pece\/wp-json\/wp\/v2\/pages\/294\/revisions\/1546"}],"wp:attachment":[{"href":"https:\/\/seimpri.me\/pece\/wp-json\/wp\/v2\/media?parent=294"}],"curies":[{"name":"wp","href":"https:\/\/api.w.org\/{rel}","templated":true}]}}