{"id":274,"date":"2024-06-26T22:44:10","date_gmt":"2024-06-26T22:44:10","guid":{"rendered":"https:\/\/seimpri.me\/pece\/?page_id=274"},"modified":"2025-04-29T21:37:55","modified_gmt":"2025-04-29T21:37:55","slug":"no-me-pregunten-nada","status":"publish","type":"page","link":"https:\/\/seimpri.me\/pece\/no-me-pregunten-nada\/","title":{"rendered":"NO ME PREGUNTEN NADA"},"content":{"rendered":"<section class=\"wpb-content-wrapper\"><p>[vc_row][vc_column width=\u00bb2\/3&#8243;][vc_column_text]Impresi\u00f3n serigr\u00e1fica a dos tintas sobre polera de algod\u00f3n blanca. Esta publicaci\u00f3n form\u00f3 parte del montaje \u00abSin Ninguna Verg\u00fcenza\u00bb para la Volumes Z\u00fcrich Art Book Fair 2018 que presentaba el panorama actual de la publicaci\u00f3n independiente chilena junto con los antecedentes hist\u00f3ricos relacionados a la publicaci\u00f3n de arte y el fanzine<\/p>\n<ul class=\"info\">\n<li>Proceso: Serigraf\u00eda \/ 2 colores<\/li>\n<li>Caracter\u00edsticas: Polera Blanca 100% Algod\u00f3n<\/li>\n<li>Tiraje: 15<\/li>\n<\/ul>\n<p>[\/vc_column_text][vc_single_image image=\u00bb275&#8243; img_size=\u00bbfull\u00bb][vc_single_image image=\u00bb276&#8243; img_size=\u00bbfull\u00bb][\/vc_column][vc_column width=\u00bb1\/3&#8243; offset=\u00bbvc_hidden-md vc_hidden-sm vc_hidden-xs\u00bb][\/vc_column][\/vc_row]<\/p>\n<\/section>","protected":false},"excerpt":{"rendered":"<p>[vc_row][vc_column width=\u00bb2\/3&#8243;][vc_column_text]Impresi\u00f3n serigr\u00e1fica a dos tintas sobre polera de algod\u00f3n blanca. Esta publicaci\u00f3n form\u00f3 parte del montaje \u00abSin Ninguna Verg\u00fcenza\u00bb para la Volumes Z\u00fcrich Art Book Fair 2018 que presentaba el panorama actual de la publicaci\u00f3n independiente chilena junto con los antecedentes hist\u00f3ricos relacionados a la publicaci\u00f3n de arte y el fanzine Proceso: Serigraf\u00eda \/ [&hellip;]<\/p>\n","protected":false},"author":1,"featured_media":0,"parent":0,"menu_order":0,"comment_status":"closed","ping_status":"closed","template":"","meta":{"footnotes":""},"class_list":["post-274","page","type-page","status-publish","hentry","missing-thumbnail"],"_links":{"self":[{"href":"https:\/\/seimpri.me\/pece\/wp-json\/wp\/v2\/pages\/274","targetHints":{"allow":["GET"]}}],"collection":[{"href":"https:\/\/seimpri.me\/pece\/wp-json\/wp\/v2\/pages"}],"about":[{"href":"https:\/\/seimpri.me\/pece\/wp-json\/wp\/v2\/types\/page"}],"author":[{"embeddable":true,"href":"https:\/\/seimpri.me\/pece\/wp-json\/wp\/v2\/users\/1"}],"replies":[{"embeddable":true,"href":"https:\/\/seimpri.me\/pece\/wp-json\/wp\/v2\/comments?post=274"}],"version-history":[{"count":2,"href":"https:\/\/seimpri.me\/pece\/wp-json\/wp\/v2\/pages\/274\/revisions"}],"predecessor-version":[{"id":1595,"href":"https:\/\/seimpri.me\/pece\/wp-json\/wp\/v2\/pages\/274\/revisions\/1595"}],"wp:attachment":[{"href":"https:\/\/seimpri.me\/pece\/wp-json\/wp\/v2\/media?parent=274"}],"curies":[{"name":"wp","href":"https:\/\/api.w.org\/{rel}","templated":true}]}}