{"id":242,"date":"2024-06-26T22:18:23","date_gmt":"2024-06-26T22:18:23","guid":{"rendered":"https:\/\/seimpri.me\/pece\/?page_id=242"},"modified":"2024-06-26T22:18:23","modified_gmt":"2024-06-26T22:18:23","slug":"4s","status":"publish","type":"page","link":"https:\/\/seimpri.me\/pece\/4s\/","title":{"rendered":"4S"},"content":{"rendered":"<section class=\"wpb-content-wrapper\"><p>[vc_row][vc_column width=\u00bb2\/3&#8243;][vc_column_text]Afiche impreso offset a una tinta sobre papel roneo, 50 X 70 cms. Esta pieza forma parte de la serie \u00abEstampillas\u00bb co editadas con el fot\u00f3grafo Javier Godoy.<\/p>\n<p>La gr\u00e1fica fue desarrollada para adherir a las campa\u00f1as populares a favor del cambio constitucional de septiembre 2022.[\/vc_column_text][vc_single_image image=\u00bb243&#8243; img_size=\u00bbfull\u00bb][\/vc_column][vc_column width=\u00bb1\/3&#8243; offset=\u00bbvc_hidden-md vc_hidden-sm vc_hidden-xs\u00bb][\/vc_column][\/vc_row]<\/p>\n<\/section>","protected":false},"excerpt":{"rendered":"<p>[vc_row][vc_column width=\u00bb2\/3&#8243;][vc_column_text]Afiche impreso offset a una tinta sobre papel roneo, 50 X 70 cms. Esta pieza forma parte de la serie \u00abEstampillas\u00bb co editadas con el fot\u00f3grafo Javier Godoy. La gr\u00e1fica fue desarrollada para adherir a las campa\u00f1as populares a favor del cambio constitucional de septiembre 2022.[\/vc_column_text][vc_single_image image=\u00bb243&#8243; img_size=\u00bbfull\u00bb][\/vc_column][vc_column width=\u00bb1\/3&#8243; offset=\u00bbvc_hidden-md vc_hidden-sm vc_hidden-xs\u00bb][\/vc_column][\/vc_row]<\/p>\n","protected":false},"author":1,"featured_media":0,"parent":0,"menu_order":0,"comment_status":"closed","ping_status":"closed","template":"","meta":{"footnotes":""},"class_list":["post-242","page","type-page","status-publish","hentry","missing-thumbnail"],"_links":{"self":[{"href":"https:\/\/seimpri.me\/pece\/wp-json\/wp\/v2\/pages\/242","targetHints":{"allow":["GET"]}}],"collection":[{"href":"https:\/\/seimpri.me\/pece\/wp-json\/wp\/v2\/pages"}],"about":[{"href":"https:\/\/seimpri.me\/pece\/wp-json\/wp\/v2\/types\/page"}],"author":[{"embeddable":true,"href":"https:\/\/seimpri.me\/pece\/wp-json\/wp\/v2\/users\/1"}],"replies":[{"embeddable":true,"href":"https:\/\/seimpri.me\/pece\/wp-json\/wp\/v2\/comments?post=242"}],"version-history":[{"count":1,"href":"https:\/\/seimpri.me\/pece\/wp-json\/wp\/v2\/pages\/242\/revisions"}],"predecessor-version":[{"id":244,"href":"https:\/\/seimpri.me\/pece\/wp-json\/wp\/v2\/pages\/242\/revisions\/244"}],"wp:attachment":[{"href":"https:\/\/seimpri.me\/pece\/wp-json\/wp\/v2\/media?parent=242"}],"curies":[{"name":"wp","href":"https:\/\/api.w.org\/{rel}","templated":true}]}}