{"id":1731,"date":"2026-03-03T14:29:41","date_gmt":"2026-03-03T14:29:41","guid":{"rendered":"https:\/\/seimpri.me\/pece\/?page_id=1731"},"modified":"2026-03-03T14:29:41","modified_gmt":"2026-03-03T14:29:41","slug":"contra-cultura","status":"publish","type":"page","link":"https:\/\/seimpri.me\/pece\/contra-cultura\/","title":{"rendered":"CONTRA CULTURA"},"content":{"rendered":"<section class=\"wpb-content-wrapper\"><p>[vc_row][vc_column width=\u00bb2\/3&#8243;][vc_column_text]Edici\u00f3n de 50 poleras de algod\u00f3n serigrafiadas usando tinta negra. Por el frente despliega un poema visual desarrollado en conjunto con <a href=\"https:\/\/www.ivan-navarro.com\/\" target=\"_blank\" rel=\"noopener\">Iv\u00e1n Navarro<\/a> y <a href=\"https:\/\/mapamapa.cl\" target=\"_blank\" rel=\"noopener\">Mapa<\/a><\/p>\n<p>Desarrolladas como material de mercadeo para la tercera versi\u00f3n de <em>Carnavalito<\/em>[\/vc_column_text][vc_single_image image=\u00bb1732&#8243; img_size=\u00bbfull\u00bb][vc_single_image image=\u00bb1733&#8243; img_size=\u00bbfull\u00bb][\/vc_column][vc_column width=\u00bb1\/3&#8243; offset=\u00bbvc_hidden-md vc_hidden-sm vc_hidden-xs\u00bb][\/vc_column][\/vc_row]<\/p>\n<\/section>","protected":false},"excerpt":{"rendered":"<p>[vc_row][vc_column width=\u00bb2\/3&#8243;][vc_column_text]Edici\u00f3n de 50 poleras de algod\u00f3n serigrafiadas usando tinta negra. Por el frente despliega un poema visual desarrollado en conjunto con Iv\u00e1n Navarro y Mapa Desarrolladas como material de mercadeo para la tercera versi\u00f3n de Carnavalito[\/vc_column_text][vc_single_image image=\u00bb1732&#8243; img_size=\u00bbfull\u00bb][vc_single_image image=\u00bb1733&#8243; img_size=\u00bbfull\u00bb][\/vc_column][vc_column width=\u00bb1\/3&#8243; offset=\u00bbvc_hidden-md vc_hidden-sm vc_hidden-xs\u00bb][\/vc_column][\/vc_row]<\/p>\n","protected":false},"author":1,"featured_media":0,"parent":0,"menu_order":0,"comment_status":"closed","ping_status":"closed","template":"","meta":{"footnotes":""},"class_list":["post-1731","page","type-page","status-publish","hentry","missing-thumbnail"],"_links":{"self":[{"href":"https:\/\/seimpri.me\/pece\/wp-json\/wp\/v2\/pages\/1731","targetHints":{"allow":["GET"]}}],"collection":[{"href":"https:\/\/seimpri.me\/pece\/wp-json\/wp\/v2\/pages"}],"about":[{"href":"https:\/\/seimpri.me\/pece\/wp-json\/wp\/v2\/types\/page"}],"author":[{"embeddable":true,"href":"https:\/\/seimpri.me\/pece\/wp-json\/wp\/v2\/users\/1"}],"replies":[{"embeddable":true,"href":"https:\/\/seimpri.me\/pece\/wp-json\/wp\/v2\/comments?post=1731"}],"version-history":[{"count":1,"href":"https:\/\/seimpri.me\/pece\/wp-json\/wp\/v2\/pages\/1731\/revisions"}],"predecessor-version":[{"id":1734,"href":"https:\/\/seimpri.me\/pece\/wp-json\/wp\/v2\/pages\/1731\/revisions\/1734"}],"wp:attachment":[{"href":"https:\/\/seimpri.me\/pece\/wp-json\/wp\/v2\/media?parent=1731"}],"curies":[{"name":"wp","href":"https:\/\/api.w.org\/{rel}","templated":true}]}}