{"id":1725,"date":"2026-03-03T14:17:33","date_gmt":"2026-03-03T14:17:33","guid":{"rendered":"https:\/\/seimpri.me\/pece\/?page_id=1725"},"modified":"2026-03-03T14:17:33","modified_gmt":"2026-03-03T14:17:33","slug":"serie-cobre","status":"publish","type":"page","link":"https:\/\/seimpri.me\/pece\/serie-cobre\/","title":{"rendered":"SERIE COBRE"},"content":{"rendered":"<section class=\"wpb-content-wrapper\"><p>[vc_row][vc_column width=\u00bb2\/3&#8243;][vc_column_text]Edici\u00f3n de 30 poleras de algod\u00f3n serigrafiadas por frente y espalda a dos tintas, negra y verde. Utilizando material visual original del Departamento de Promoci\u00f3n de la Divisi\u00f3n Discos de la IRT (1971 &#8211; 1973) se contruyeron dos composiciones para transferir a la indumentaria. En espec\u00edfico, se despliegan 5 car\u00e1tulas de LPs pertenecientes a la <em>Serie Cobre<\/em> junto a los logos institucionales del sello<\/p>\n<p>Desarrolladas como material promocional para el proyecto radial <a href=\"https:\/\/eldiscoescultura.cl\/\" target=\"_blank\" rel=\"noopener\"><em>El Disco es Cultura<\/em><\/a>[\/vc_column_text][vc_single_image image=\u00bb1727&#8243; img_size=\u00bbfull\u00bb][vc_single_image image=\u00bb1726&#8243; img_size=\u00bbfull\u00bb][\/vc_column][vc_column width=\u00bb1\/3&#8243; offset=\u00bbvc_hidden-md vc_hidden-sm vc_hidden-xs\u00bb][\/vc_column][\/vc_row]<\/p>\n<\/section>","protected":false},"excerpt":{"rendered":"<p>[vc_row][vc_column width=\u00bb2\/3&#8243;][vc_column_text]Edici\u00f3n de 30 poleras de algod\u00f3n serigrafiadas por frente y espalda a dos tintas, negra y verde. Utilizando material visual original del Departamento de Promoci\u00f3n de la Divisi\u00f3n Discos de la IRT (1971 &#8211; 1973) se contruyeron dos composiciones para transferir a la indumentaria. En espec\u00edfico, se despliegan 5 car\u00e1tulas de LPs pertenecientes a [&hellip;]<\/p>\n","protected":false},"author":1,"featured_media":0,"parent":0,"menu_order":0,"comment_status":"closed","ping_status":"closed","template":"","meta":{"footnotes":""},"class_list":["post-1725","page","type-page","status-publish","hentry","missing-thumbnail"],"_links":{"self":[{"href":"https:\/\/seimpri.me\/pece\/wp-json\/wp\/v2\/pages\/1725","targetHints":{"allow":["GET"]}}],"collection":[{"href":"https:\/\/seimpri.me\/pece\/wp-json\/wp\/v2\/pages"}],"about":[{"href":"https:\/\/seimpri.me\/pece\/wp-json\/wp\/v2\/types\/page"}],"author":[{"embeddable":true,"href":"https:\/\/seimpri.me\/pece\/wp-json\/wp\/v2\/users\/1"}],"replies":[{"embeddable":true,"href":"https:\/\/seimpri.me\/pece\/wp-json\/wp\/v2\/comments?post=1725"}],"version-history":[{"count":1,"href":"https:\/\/seimpri.me\/pece\/wp-json\/wp\/v2\/pages\/1725\/revisions"}],"predecessor-version":[{"id":1728,"href":"https:\/\/seimpri.me\/pece\/wp-json\/wp\/v2\/pages\/1725\/revisions\/1728"}],"wp:attachment":[{"href":"https:\/\/seimpri.me\/pece\/wp-json\/wp\/v2\/media?parent=1725"}],"curies":[{"name":"wp","href":"https:\/\/api.w.org\/{rel}","templated":true}]}}