{"id":1711,"date":"2026-03-03T13:14:44","date_gmt":"2026-03-03T13:14:44","guid":{"rendered":"https:\/\/seimpri.me\/pece\/?page_id=1711"},"modified":"2026-03-03T13:14:44","modified_gmt":"2026-03-03T13:14:44","slug":"alto-y-claro","status":"publish","type":"page","link":"https:\/\/seimpri.me\/pece\/alto-y-claro\/","title":{"rendered":"ALTO Y CLARO"},"content":{"rendered":"<section class=\"wpb-content-wrapper\"><p>[vc_row][vc_column width=\u00bb2\/3&#8243;][vc_column_text]Utilizando el cart\u00f3n corrugado de algunas cajas que recolectamos de la basura en almacenes de abarrotes del barrio, armamos a mano una serie de 30 ejemplares en cuyo interior se despliegan gr\u00e1ficas y textos que fueron traspasados al soporte con serigraf\u00eda y tintas oleogr\u00e1ficas. Cada ejemplar fue cortado, perforado, impreso y encuadernado a mano<\/p>\n<p>La edici\u00f3n fue presentada para el Festival de Bah\u00eda Inglesa[\/vc_column_text][vc_single_image image=\u00bb1712&#8243; img_size=\u00bbfull\u00bb][vc_video link=\u00bbhttps:\/\/youtube.com\/shorts\/O5ZjEJZSxP0&#8243; el_width=\u00bb60&#8243; el_aspect=\u00bb34&#8243;][\/vc_column][vc_column width=\u00bb1\/3&#8243; offset=\u00bbvc_hidden-md vc_hidden-sm vc_hidden-xs\u00bb][\/vc_column][\/vc_row]<\/p>\n<\/section>","protected":false},"excerpt":{"rendered":"<p>[vc_row][vc_column width=\u00bb2\/3&#8243;][vc_column_text]Utilizando el cart\u00f3n corrugado de algunas cajas que recolectamos de la basura en almacenes de abarrotes del barrio, armamos a mano una serie de 30 ejemplares en cuyo interior se despliegan gr\u00e1ficas y textos que fueron traspasados al soporte con serigraf\u00eda y tintas oleogr\u00e1ficas. Cada ejemplar fue cortado, perforado, impreso y encuadernado a mano [&hellip;]<\/p>\n","protected":false},"author":1,"featured_media":0,"parent":0,"menu_order":0,"comment_status":"closed","ping_status":"closed","template":"","meta":{"footnotes":""},"class_list":["post-1711","page","type-page","status-publish","hentry","missing-thumbnail"],"_links":{"self":[{"href":"https:\/\/seimpri.me\/pece\/wp-json\/wp\/v2\/pages\/1711","targetHints":{"allow":["GET"]}}],"collection":[{"href":"https:\/\/seimpri.me\/pece\/wp-json\/wp\/v2\/pages"}],"about":[{"href":"https:\/\/seimpri.me\/pece\/wp-json\/wp\/v2\/types\/page"}],"author":[{"embeddable":true,"href":"https:\/\/seimpri.me\/pece\/wp-json\/wp\/v2\/users\/1"}],"replies":[{"embeddable":true,"href":"https:\/\/seimpri.me\/pece\/wp-json\/wp\/v2\/comments?post=1711"}],"version-history":[{"count":4,"href":"https:\/\/seimpri.me\/pece\/wp-json\/wp\/v2\/pages\/1711\/revisions"}],"predecessor-version":[{"id":1716,"href":"https:\/\/seimpri.me\/pece\/wp-json\/wp\/v2\/pages\/1711\/revisions\/1716"}],"wp:attachment":[{"href":"https:\/\/seimpri.me\/pece\/wp-json\/wp\/v2\/media?parent=1711"}],"curies":[{"name":"wp","href":"https:\/\/api.w.org\/{rel}","templated":true}]}}