{"id":1707,"date":"2025-12-01T20:43:57","date_gmt":"2025-12-01T20:43:57","guid":{"rendered":"https:\/\/seimpri.me\/pece\/?page_id=1707"},"modified":"2025-12-01T20:43:57","modified_gmt":"2025-12-01T20:43:57","slug":"poesia-y-musica","status":"publish","type":"page","link":"https:\/\/seimpri.me\/pece\/poesia-y-musica\/","title":{"rendered":"POESIA Y MUSICA"},"content":{"rendered":"<section class=\"wpb-content-wrapper\"><p>[vc_row][vc_column width=\u00bb2\/3&#8243;][vc_column_text]<a href=\"https:\/\/seimpri.me\/pece\/mucho-texto-ii\/\" target=\"_blank\" rel=\"noopener\">Mucho Texto<\/a>, el proyecto de m\u00e1rgenes difusas que llevo a cabo con Cedro del Atlas de <a href=\"https:\/\/rmm.rip\/\" target=\"_blank\" rel=\"noopener\">Radio Mario Mar\u00eda<\/a> fue incluido en el programa de los 10 a\u00f1os del <a href=\"https:\/\/www.instagram.com\/festivalpoesiaymusica\" target=\"_blank\" rel=\"noopener\">Festival Poes\u00eda y M\u00fasica<\/a><\/p>\n<p>Manipulando la sinton\u00eda de dos radios antiguas, ubicando el dial justo ah\u00ed donde el \u00e9ter se diluye y procesando la se\u00f1al con un m\u00f3dulo de multiefecto, deseaba instalar la no-radio, el sonido de los intersticios entre emisoras y el ruido electr\u00f3nico con instrumentos que fueron construidos para hacer otras cosas[\/vc_column_text][vc_video link=\u00bbhttps:\/\/www.youtube.com\/watch?v=QzhtWY68nVk\u00bb][\/vc_column][vc_column width=\u00bb1\/3&#8243; offset=\u00bbvc_hidden-md vc_hidden-sm vc_hidden-xs\u00bb][\/vc_column][\/vc_row]<\/p>\n<\/section>","protected":false},"excerpt":{"rendered":"<p>[vc_row][vc_column width=\u00bb2\/3&#8243;][vc_column_text]Mucho Texto, el proyecto de m\u00e1rgenes difusas que llevo a cabo con Cedro del Atlas de Radio Mario Mar\u00eda fue incluido en el programa de los 10 a\u00f1os del Festival Poes\u00eda y M\u00fasica Manipulando la sinton\u00eda de dos radios antiguas, ubicando el dial justo ah\u00ed donde el \u00e9ter se diluye y procesando la se\u00f1al [&hellip;]<\/p>\n","protected":false},"author":1,"featured_media":0,"parent":0,"menu_order":0,"comment_status":"closed","ping_status":"closed","template":"","meta":{"footnotes":""},"class_list":["post-1707","page","type-page","status-publish","hentry","missing-thumbnail"],"_links":{"self":[{"href":"https:\/\/seimpri.me\/pece\/wp-json\/wp\/v2\/pages\/1707","targetHints":{"allow":["GET"]}}],"collection":[{"href":"https:\/\/seimpri.me\/pece\/wp-json\/wp\/v2\/pages"}],"about":[{"href":"https:\/\/seimpri.me\/pece\/wp-json\/wp\/v2\/types\/page"}],"author":[{"embeddable":true,"href":"https:\/\/seimpri.me\/pece\/wp-json\/wp\/v2\/users\/1"}],"replies":[{"embeddable":true,"href":"https:\/\/seimpri.me\/pece\/wp-json\/wp\/v2\/comments?post=1707"}],"version-history":[{"count":2,"href":"https:\/\/seimpri.me\/pece\/wp-json\/wp\/v2\/pages\/1707\/revisions"}],"predecessor-version":[{"id":1709,"href":"https:\/\/seimpri.me\/pece\/wp-json\/wp\/v2\/pages\/1707\/revisions\/1709"}],"wp:attachment":[{"href":"https:\/\/seimpri.me\/pece\/wp-json\/wp\/v2\/media?parent=1707"}],"curies":[{"name":"wp","href":"https:\/\/api.w.org\/{rel}","templated":true}]}}