{"id":1642,"date":"2025-05-12T16:26:46","date_gmt":"2025-05-12T16:26:46","guid":{"rendered":"https:\/\/seimpri.me\/pece\/?page_id=1642"},"modified":"2025-05-12T18:00:36","modified_gmt":"2025-05-12T18:00:36","slug":"recoleta-lira","status":"publish","type":"page","link":"https:\/\/seimpri.me\/pece\/recoleta-lira\/","title":{"rendered":"RECOLETA LIRA"},"content":{"rendered":"<section class=\"wpb-content-wrapper\"><p>[vc_row][vc_column width=\u00bb2\/3&#8243;][vc_column_text]<span class=\"x193iq5w xeuugli x13faqbe x1vvkbs xlh3980 xvmahel x1n0sxbx x1lliihq x1s928wv xhkezso x1gmr53x x1cpjm7i x1fgarty x1943h6x xudqn12 x3x7a5m x6prxxf xvq8zen xo1l8bm xzsf02u\" dir=\"auto\">Tomar una micro<br class=\"html-br\" \/><br class=\"html-br\" \/>Pagar el pasaje de $100<br class=\"html-br\" \/><br class=\"html-br\" \/>Cruzar la ciudad escuchando a Los Prisioneros, Sumo, Clan of Xymox o Laibach en una cinta de 90 minutos<br class=\"html-br\" \/><br class=\"html-br\" \/>Esta foto (que en realidad son tres) la hice en la calle Lircay cuando vivi\u0301a con mis padres en el barrio Vista Hermosa de Recoleta. Usaba una ca\u0301mara Zenit y yo mismo revelaba las cargas Ilford de 200 ASA que compraba en la tienda de Carmen Pe\u0301rez de la calle Mac Iver. Ah\u00ed mismo tambi\u00e9n adquir\u00eda papel fotogr\u00e1fico para hacer las copias en el laboratorio de la Escuela de Dise\u00f1o del IPS<\/span>[\/vc_column_text][vc_single_image image=\u00bb1643&#8243; img_size=\u00bbfull\u00bb][\/vc_column][vc_column width=\u00bb1\/3&#8243; offset=\u00bbvc_hidden-md vc_hidden-sm vc_hidden-xs\u00bb][\/vc_column][\/vc_row]<\/p>\n<\/section>","protected":false},"excerpt":{"rendered":"<p>[vc_row][vc_column width=\u00bb2\/3&#8243;][vc_column_text]Tomar una microPagar el pasaje de $100Cruzar la ciudad escuchando a Los Prisioneros, Sumo, Clan of Xymox o Laibach en una cinta de 90 minutosEsta foto (que en realidad son tres) la hice en la calle Lircay cuando vivi\u0301a con mis padres en el barrio Vista Hermosa de Recoleta. Usaba una ca\u0301mara Zenit y [&hellip;]<\/p>\n","protected":false},"author":1,"featured_media":0,"parent":0,"menu_order":0,"comment_status":"closed","ping_status":"closed","template":"","meta":{"footnotes":""},"class_list":["post-1642","page","type-page","status-publish","hentry","missing-thumbnail"],"_links":{"self":[{"href":"https:\/\/seimpri.me\/pece\/wp-json\/wp\/v2\/pages\/1642","targetHints":{"allow":["GET"]}}],"collection":[{"href":"https:\/\/seimpri.me\/pece\/wp-json\/wp\/v2\/pages"}],"about":[{"href":"https:\/\/seimpri.me\/pece\/wp-json\/wp\/v2\/types\/page"}],"author":[{"embeddable":true,"href":"https:\/\/seimpri.me\/pece\/wp-json\/wp\/v2\/users\/1"}],"replies":[{"embeddable":true,"href":"https:\/\/seimpri.me\/pece\/wp-json\/wp\/v2\/comments?post=1642"}],"version-history":[{"count":2,"href":"https:\/\/seimpri.me\/pece\/wp-json\/wp\/v2\/pages\/1642\/revisions"}],"predecessor-version":[{"id":1646,"href":"https:\/\/seimpri.me\/pece\/wp-json\/wp\/v2\/pages\/1642\/revisions\/1646"}],"wp:attachment":[{"href":"https:\/\/seimpri.me\/pece\/wp-json\/wp\/v2\/media?parent=1642"}],"curies":[{"name":"wp","href":"https:\/\/api.w.org\/{rel}","templated":true}]}}