{"id":155,"date":"2024-06-26T20:52:43","date_gmt":"2024-06-26T20:52:43","guid":{"rendered":"https:\/\/seimpri.me\/pece\/?page_id=155"},"modified":"2025-04-29T20:54:56","modified_gmt":"2025-04-29T20:54:56","slug":"apruebo","status":"publish","type":"page","link":"https:\/\/seimpri.me\/pece\/apruebo\/","title":{"rendered":"APRUEBO"},"content":{"rendered":"<section class=\"wpb-content-wrapper\"><p>[vc_row][vc_column width=\u00bb2\/3&#8243;][vc_column_text]<\/p>\n<p class=\"_ap3a _aaco _aacu _aacx _aad7 _aade\" dir=\"auto\">Era agosto y a d\u00edas del primer plebiscito para comenzar a cambiar la Constituci\u00f3n Pol\u00edtica de Chile que se trataba del plan que se hab\u00eda comenzado a trazar desde octubre de 2019. O por lo menos eso era lo que cre\u00edamos.<\/p>\n<p dir=\"auto\">Convocamos a personas para que llegaran con una copia de la propuesta de Nueva Constituci\u00f3n y nos juntamos a leer micr\u00f3fono en mano los art\u00edculos favoritos como los que ten\u00edan relaci\u00f3n con el cuidado de la naturaleza, el aborto libre y todo aquello que se relacionara con mejoras sociales.<\/p>\n<p>En una mesa, <a href=\"https:\/\/www.instagram.com\/caperancaperan\/\">Jorge Caper\u00e1n<\/a> extendi\u00f3 un gran dibujo que hizo con l\u00e1piz grafito de la portada de la Contituci\u00f3n del 80 para que con varias gomas las personas que se animaran pudieran comenzar a borrar el dibujo. Tambi\u00e9n participaron Ricardo y Tamara de <a href=\"https:\/\/www.instagram.com\/cartasaldirector\/\">Cartas al Director<\/a> que presentaban una plana completa de cartas intervenidas.[\/vc_column_text][vc_single_image image=\u00bb157&#8243; img_size=\u00bbfull\u00bb][vc_single_image image=\u00bb158&#8243; img_size=\u00bbfull\u00bb][vc_single_image image=\u00bb159&#8243; img_size=\u00bbfull\u00bb][vc_video link=\u00bbhttps:\/\/youtu.be\/6ARaM1fbTgk\u00bb][vc_video link=\u00bbhttps:\/\/youtu.be\/Mp7E399JW4M\u00bb][\/vc_column][vc_column width=\u00bb1\/3&#8243; offset=\u00bbvc_hidden-md vc_hidden-sm vc_hidden-xs\u00bb][\/vc_column][\/vc_row]<\/p>\n<\/section>","protected":false},"excerpt":{"rendered":"<p>[vc_row][vc_column width=\u00bb2\/3&#8243;][vc_column_text] Era agosto y a d\u00edas del primer plebiscito para comenzar a cambiar la Constituci\u00f3n Pol\u00edtica de Chile que se trataba del plan que se hab\u00eda comenzado a trazar desde octubre de 2019. O por lo menos eso era lo que cre\u00edamos. Convocamos a personas para que llegaran con una copia de la propuesta [&hellip;]<\/p>\n","protected":false},"author":1,"featured_media":0,"parent":0,"menu_order":0,"comment_status":"closed","ping_status":"closed","template":"","meta":{"footnotes":""},"class_list":["post-155","page","type-page","status-publish","hentry","missing-thumbnail"],"_links":{"self":[{"href":"https:\/\/seimpri.me\/pece\/wp-json\/wp\/v2\/pages\/155","targetHints":{"allow":["GET"]}}],"collection":[{"href":"https:\/\/seimpri.me\/pece\/wp-json\/wp\/v2\/pages"}],"about":[{"href":"https:\/\/seimpri.me\/pece\/wp-json\/wp\/v2\/types\/page"}],"author":[{"embeddable":true,"href":"https:\/\/seimpri.me\/pece\/wp-json\/wp\/v2\/users\/1"}],"replies":[{"embeddable":true,"href":"https:\/\/seimpri.me\/pece\/wp-json\/wp\/v2\/comments?post=155"}],"version-history":[{"count":5,"href":"https:\/\/seimpri.me\/pece\/wp-json\/wp\/v2\/pages\/155\/revisions"}],"predecessor-version":[{"id":1524,"href":"https:\/\/seimpri.me\/pece\/wp-json\/wp\/v2\/pages\/155\/revisions\/1524"}],"wp:attachment":[{"href":"https:\/\/seimpri.me\/pece\/wp-json\/wp\/v2\/media?parent=155"}],"curies":[{"name":"wp","href":"https:\/\/api.w.org\/{rel}","templated":true}]}}