{"id":152,"date":"2024-06-26T20:25:08","date_gmt":"2024-06-26T20:25:08","guid":{"rendered":"https:\/\/seimpri.me\/pece\/?page_id=152"},"modified":"2025-04-29T20:58:55","modified_gmt":"2025-04-29T20:58:55","slug":"documento-para-el-futuro","status":"publish","type":"page","link":"https:\/\/seimpri.me\/pece\/documento-para-el-futuro\/","title":{"rendered":"DOCUMENTO PARA EL FUTURO"},"content":{"rendered":"<section class=\"wpb-content-wrapper\"><p>[vc_row][vc_column video_bg=\u00bbyes\u00bb video_bg_url=\u00bbhttps:\/\/youtu.be\/VaWaT70NsAg\u00bb width=\u00bb2\/3&#8243;][vc_column_text]<\/p>\n<p class=\"_ap3a _aaco _aacu _aacx _aad7 _aade\" dir=\"auto\">En septiembre juntamos a la Nayra, la Naoko, amigas, amigos y amigues pubertos a dibujar en torno al tema del futuro. Consideramos que las pubertades no est\u00e1n bajo la mira de las principales actividades p\u00fablicas porque todo el mundo piensa que prefieren ir al mall lo que tampoco est\u00e1 tan mall. Procesamos sus dibujos en la Riso\u00ae y armamos unas publicaciones con p\u00e1ginas de colores que despu\u00e9s regalamos.<\/p>\n<p>[\/vc_column_text][vc_video link=\u00bbhttps:\/\/youtu.be\/VaWaT70NsAg\u00bb][\/vc_column][vc_column width=\u00bb1\/3&#8243; offset=\u00bbvc_hidden-md vc_hidden-sm vc_hidden-xs\u00bb][\/vc_column][\/vc_row]<\/p>\n<\/section>","protected":false},"excerpt":{"rendered":"<p>[vc_row][vc_column video_bg=\u00bbyes\u00bb video_bg_url=\u00bbhttps:\/\/youtu.be\/VaWaT70NsAg\u00bb width=\u00bb2\/3&#8243;][vc_column_text] En septiembre juntamos a la Nayra, la Naoko, amigas, amigos y amigues pubertos a dibujar en torno al tema del futuro. Consideramos que las pubertades no est\u00e1n bajo la mira de las principales actividades p\u00fablicas porque todo el mundo piensa que prefieren ir al mall lo que tampoco est\u00e1 tan mall. [&hellip;]<\/p>\n","protected":false},"author":1,"featured_media":0,"parent":0,"menu_order":0,"comment_status":"closed","ping_status":"closed","template":"","meta":{"footnotes":""},"class_list":["post-152","page","type-page","status-publish","hentry","missing-thumbnail"],"_links":{"self":[{"href":"https:\/\/seimpri.me\/pece\/wp-json\/wp\/v2\/pages\/152","targetHints":{"allow":["GET"]}}],"collection":[{"href":"https:\/\/seimpri.me\/pece\/wp-json\/wp\/v2\/pages"}],"about":[{"href":"https:\/\/seimpri.me\/pece\/wp-json\/wp\/v2\/types\/page"}],"author":[{"embeddable":true,"href":"https:\/\/seimpri.me\/pece\/wp-json\/wp\/v2\/users\/1"}],"replies":[{"embeddable":true,"href":"https:\/\/seimpri.me\/pece\/wp-json\/wp\/v2\/comments?post=152"}],"version-history":[{"count":2,"href":"https:\/\/seimpri.me\/pece\/wp-json\/wp\/v2\/pages\/152\/revisions"}],"predecessor-version":[{"id":1535,"href":"https:\/\/seimpri.me\/pece\/wp-json\/wp\/v2\/pages\/152\/revisions\/1535"}],"wp:attachment":[{"href":"https:\/\/seimpri.me\/pece\/wp-json\/wp\/v2\/media?parent=152"}],"curies":[{"name":"wp","href":"https:\/\/api.w.org\/{rel}","templated":true}]}}