{"id":144,"date":"2024-06-26T20:17:24","date_gmt":"2024-06-26T20:17:24","guid":{"rendered":"https:\/\/seimpri.me\/pece\/?page_id=144"},"modified":"2025-04-29T21:01:47","modified_gmt":"2025-04-29T21:01:47","slug":"esto-no-lo-puedo-leer","status":"publish","type":"page","link":"https:\/\/seimpri.me\/pece\/esto-no-lo-puedo-leer\/","title":{"rendered":"ESTO NO LO PUEDO LEER"},"content":{"rendered":"<section class=\"wpb-content-wrapper\"><p>[vc_row][vc_column width=\u00bb2\/3&#8243;][vc_column_text]<\/p>\n<p class=\"_ap3a _aaco _aacu _aacx _aad7 _aade\" dir=\"auto\">Participar durante mayo en el Festival Uni\u00f3n de Oficios motiv\u00f3 el instalar una duplicadora Riso\u2122 al centro del montaje de la feria. Utilizando una c\u00e1mara fotogr\u00e1fica con impresora t\u00e9rmica se capturaron instant\u00e1neas que inmediatamente despu\u00e9s se duplicaron en la impresora para desarrollar un zine instant\u00e1neo de 150 copias que circularon entre expositoras y expositores. Con esta actividad rendimos homenaje a la partida de la voz m\u00e1s importante del dial contempor\u00e1neo chileno: Patricio Ba\u00f1ados.<\/p>\n<p>[\/vc_column_text][vc_single_image image=\u00bb145&#8243; img_size=\u00bbfull\u00bb][vc_single_image image=\u00bb146&#8243; img_size=\u00bbfull\u00bb][vc_single_image image=\u00bb147&#8243; img_size=\u00bbfull\u00bb][vc_single_image image=\u00bb148&#8243; img_size=\u00bbfull\u00bb][vc_single_image image=\u00bb149&#8243; img_size=\u00bbfull\u00bb][\/vc_column][vc_column width=\u00bb1\/3&#8243; offset=\u00bbvc_hidden-md vc_hidden-sm vc_hidden-xs\u00bb][\/vc_column][\/vc_row]<\/p>\n<\/section>","protected":false},"excerpt":{"rendered":"<p>[vc_row][vc_column width=\u00bb2\/3&#8243;][vc_column_text] Participar durante mayo en el Festival Uni\u00f3n de Oficios motiv\u00f3 el instalar una duplicadora Riso\u2122 al centro del montaje de la feria. Utilizando una c\u00e1mara fotogr\u00e1fica con impresora t\u00e9rmica se capturaron instant\u00e1neas que inmediatamente despu\u00e9s se duplicaron en la impresora para desarrollar un zine instant\u00e1neo de 150 copias que circularon entre expositoras y [&hellip;]<\/p>\n","protected":false},"author":1,"featured_media":0,"parent":0,"menu_order":0,"comment_status":"closed","ping_status":"closed","template":"","meta":{"footnotes":""},"class_list":["post-144","page","type-page","status-publish","hentry","missing-thumbnail"],"_links":{"self":[{"href":"https:\/\/seimpri.me\/pece\/wp-json\/wp\/v2\/pages\/144","targetHints":{"allow":["GET"]}}],"collection":[{"href":"https:\/\/seimpri.me\/pece\/wp-json\/wp\/v2\/pages"}],"about":[{"href":"https:\/\/seimpri.me\/pece\/wp-json\/wp\/v2\/types\/page"}],"author":[{"embeddable":true,"href":"https:\/\/seimpri.me\/pece\/wp-json\/wp\/v2\/users\/1"}],"replies":[{"embeddable":true,"href":"https:\/\/seimpri.me\/pece\/wp-json\/wp\/v2\/comments?post=144"}],"version-history":[{"count":3,"href":"https:\/\/seimpri.me\/pece\/wp-json\/wp\/v2\/pages\/144\/revisions"}],"predecessor-version":[{"id":1545,"href":"https:\/\/seimpri.me\/pece\/wp-json\/wp\/v2\/pages\/144\/revisions\/1545"}],"wp:attachment":[{"href":"https:\/\/seimpri.me\/pece\/wp-json\/wp\/v2\/media?parent=144"}],"curies":[{"name":"wp","href":"https:\/\/api.w.org\/{rel}","templated":true}]}}