{"id":102,"date":"2024-06-26T16:53:55","date_gmt":"2024-06-26T16:53:55","guid":{"rendered":"https:\/\/seimpri.me\/pece\/?page_id=102"},"modified":"2025-04-29T21:35:35","modified_gmt":"2025-04-29T21:35:35","slug":"most-beautiful-swiss-books","status":"publish","type":"page","link":"https:\/\/seimpri.me\/pece\/most-beautiful-swiss-books\/","title":{"rendered":"MOST BEAUTIFUL SWISS BOOKS"},"content":{"rendered":"<section class=\"wpb-content-wrapper\"><p>[vc_row][vc_column width=\u00bb2\/3&#8243;][vc_column_text]Dise\u00f1o de montaje y producci\u00f3n para la exhibici\u00f3n <a href=\"https:\/\/www.themostbeautifulswissbooks.ch\/\"><em>Most Beautiful Swiss Books<\/em><\/a> en cooperaci\u00f3n con la Embajada de Suiza en Chile. La instalaci\u00f3n, emplazada en en centro del Galp\u00f3n 2 del Persa V\u00edctor Manuel, estuvo montada los \u00faltimos dos fines de semana de noviembre, 2023, y cont\u00f3 con la participaci\u00f3n de charlas, mediaci\u00f3n y presentaciones.[\/vc_column_text][vc_single_image image=\u00bb103&#8243; img_size=\u00bbfull\u00bb][vc_single_image image=\u00bb104&#8243; img_size=\u00bbfull\u00bb][vc_single_image image=\u00bb105&#8243; img_size=\u00bbfull\u00bb][vc_video link=\u00bbhttps:\/\/youtu.be\/FKFUNTte5KU\u00bb][\/vc_column][vc_column width=\u00bb1\/3&#8243; offset=\u00bbvc_hidden-md vc_hidden-sm vc_hidden-xs\u00bb][\/vc_column][\/vc_row]<\/p>\n<\/section>","protected":false},"excerpt":{"rendered":"<p>[vc_row][vc_column width=\u00bb2\/3&#8243;][vc_column_text]Dise\u00f1o de montaje y producci\u00f3n para la exhibici\u00f3n Most Beautiful Swiss Books en cooperaci\u00f3n con la Embajada de Suiza en Chile. La instalaci\u00f3n, emplazada en en centro del Galp\u00f3n 2 del Persa V\u00edctor Manuel, estuvo montada los \u00faltimos dos fines de semana de noviembre, 2023, y cont\u00f3 con la participaci\u00f3n de charlas, mediaci\u00f3n y [&hellip;]<\/p>\n","protected":false},"author":1,"featured_media":0,"parent":0,"menu_order":0,"comment_status":"closed","ping_status":"closed","template":"","meta":{"footnotes":""},"class_list":["post-102","page","type-page","status-publish","hentry","missing-thumbnail"],"_links":{"self":[{"href":"https:\/\/seimpri.me\/pece\/wp-json\/wp\/v2\/pages\/102","targetHints":{"allow":["GET"]}}],"collection":[{"href":"https:\/\/seimpri.me\/pece\/wp-json\/wp\/v2\/pages"}],"about":[{"href":"https:\/\/seimpri.me\/pece\/wp-json\/wp\/v2\/types\/page"}],"author":[{"embeddable":true,"href":"https:\/\/seimpri.me\/pece\/wp-json\/wp\/v2\/users\/1"}],"replies":[{"embeddable":true,"href":"https:\/\/seimpri.me\/pece\/wp-json\/wp\/v2\/comments?post=102"}],"version-history":[{"count":5,"href":"https:\/\/seimpri.me\/pece\/wp-json\/wp\/v2\/pages\/102\/revisions"}],"predecessor-version":[{"id":1587,"href":"https:\/\/seimpri.me\/pece\/wp-json\/wp\/v2\/pages\/102\/revisions\/1587"}],"wp:attachment":[{"href":"https:\/\/seimpri.me\/pece\/wp-json\/wp\/v2\/media?parent=102"}],"curies":[{"name":"wp","href":"https:\/\/api.w.org\/{rel}","templated":true}]}}