{"id":1016,"date":"2024-07-10T17:20:07","date_gmt":"2024-07-10T17:20:07","guid":{"rendered":"https:\/\/seimpri.me\/pece\/?page_id=1016"},"modified":"2024-07-10T20:57:59","modified_gmt":"2024-07-10T20:57:59","slug":"p-c","status":"publish","type":"page","link":"https:\/\/seimpri.me\/pece\/p-c\/","title":{"rendered":"P.C."},"content":{"rendered":"<section class=\"wpb-content-wrapper\"><p>[vc_row][vc_column width=\u00bb2\/3&#8243;][vc_column_text]Publicado por La Nueva Gr\u00e1fica Chilena el a\u00f1o 2001 y que por gracia me hizo ingresar a formar parte del colectivo. Maqueteado en formato libros Quimant\u00fa, incluye algunos dibujos y c\u00f3mics propios. El colof\u00f3n se corona con una foto del autor manipulando una fotocopiadora, mismo gesto que se revisit\u00f3 21 a\u00f1os despu\u00e9s para una exposici\u00f3n en la ciudad de Nueva York.[\/vc_column_text][vc_single_image image=\u00bb1039&#8243; img_size=\u00bbfull\u00bb][vc_single_image image=\u00bb1040&#8243; img_size=\u00bbfull\u00bb][vc_single_image image=\u00bb1041&#8243; img_size=\u00bbfull\u00bb][vc_single_image image=\u00bb1020&#8243; img_size=\u00bbfull\u00bb][\/vc_column][vc_column width=\u00bb1\/3&#8243; offset=\u00bbvc_hidden-md vc_hidden-sm vc_hidden-xs\u00bb][\/vc_column][\/vc_row]<\/p>\n<\/section>","protected":false},"excerpt":{"rendered":"<p>[vc_row][vc_column width=\u00bb2\/3&#8243;][vc_column_text]Publicado por La Nueva Gr\u00e1fica Chilena el a\u00f1o 2001 y que por gracia me hizo ingresar a formar parte del colectivo. Maqueteado en formato libros Quimant\u00fa, incluye algunos dibujos y c\u00f3mics propios. El colof\u00f3n se corona con una foto del autor manipulando una fotocopiadora, mismo gesto que se revisit\u00f3 21 a\u00f1os despu\u00e9s para una [&hellip;]<\/p>\n","protected":false},"author":1,"featured_media":0,"parent":0,"menu_order":0,"comment_status":"closed","ping_status":"closed","template":"","meta":{"footnotes":""},"class_list":["post-1016","page","type-page","status-publish","hentry","missing-thumbnail"],"_links":{"self":[{"href":"https:\/\/seimpri.me\/pece\/wp-json\/wp\/v2\/pages\/1016","targetHints":{"allow":["GET"]}}],"collection":[{"href":"https:\/\/seimpri.me\/pece\/wp-json\/wp\/v2\/pages"}],"about":[{"href":"https:\/\/seimpri.me\/pece\/wp-json\/wp\/v2\/types\/page"}],"author":[{"embeddable":true,"href":"https:\/\/seimpri.me\/pece\/wp-json\/wp\/v2\/users\/1"}],"replies":[{"embeddable":true,"href":"https:\/\/seimpri.me\/pece\/wp-json\/wp\/v2\/comments?post=1016"}],"version-history":[{"count":2,"href":"https:\/\/seimpri.me\/pece\/wp-json\/wp\/v2\/pages\/1016\/revisions"}],"predecessor-version":[{"id":1042,"href":"https:\/\/seimpri.me\/pece\/wp-json\/wp\/v2\/pages\/1016\/revisions\/1042"}],"wp:attachment":[{"href":"https:\/\/seimpri.me\/pece\/wp-json\/wp\/v2\/media?parent=1016"}],"curies":[{"name":"wp","href":"https:\/\/api.w.org\/{rel}","templated":true}]}}